{"id":1930,"date":"2020-03-04T07:34:13","date_gmt":"2020-03-04T07:34:13","guid":{"rendered":"http:\/\/albertslund-spejder.dk\/?page_id=1930"},"modified":"2025-04-10T18:11:29","modified_gmt":"2025-04-10T17:11:29","slug":"baever-0-1-klasse","status":"publish","type":"page","link":"https:\/\/albertslund-spejder.dk\/?page_id=1930","title":{"rendered":"B\u00e6ver (3 \u00e5r \u2013 1. klasse)"},"content":{"rendered":"\n<div class=\"wp-block-columns is-layout-flex wp-container-core-columns-is-layout-1 wp-block-columns-is-layout-flex\">\n<div class=\"wp-block-column is-layout-flow wp-block-column-is-layout-flow\" style=\"flex-basis:64.13%\">\n<p>B\u00e6verenheden er for b\u00f8rn, fra 3 \u00e5r og frem til 1. klasse (ca. 3 \u2013 7 \u00e5r).<\/p>\n<p>Vi holder m\u00f8de hver mandag kl. 17:00 \u2013 18:30.<br>N\u00e5r man er B\u00e6ver, skal mindst en for\u00e6lder v\u00e6re med p\u00e5 m\u00f8derne. &nbsp;<\/p>\n<p>P\u00e5 m\u00f8derne l\u00e6rer vi bl.a. om naturen, knob, besn\u00f8ringer og f\u00f8rstehj\u00e6lp, og vi laver mad over b\u00e5l. Vi tager ogs\u00e5 forskellige m\u00e6rker til vores uniform, f.eks. h\u00e5ndv\u00e6rker-, gartner- og svanem\u00e6rke.<\/p>\n<p>Selvf\u00f8lgelig er der ogs\u00e5 plads til leg og sjov, og vi tager ogs\u00e5 p\u00e5 ture og weekender sammen med vores for\u00e6ldre og vores andre enheder. Her laver vi b\u00e5de noget sammen og hver for sig i tropperne.<\/p>\n<p>Alt foreg\u00e5r p\u00e5 et niveau, hvor alle kan v\u00e6re med, uden at have pr\u00f8vet det f\u00f8r.<\/p>\n<p>Som b\u00e6ver introduceres man for bandesystemet. Man opdeles i bander, som hver har en bandeleder og en bandeassistent. Banden er den trygge, faste ramme for b\u00e6verens spejderliv, og man l\u00e6rer at samarbejde i banderne.<\/p>\n<p>Vi arbejder efter princippet \u201cLearning by doing\u201d \u2013 Man l\u00e6rer bedst ved at pr\u00f8ve tingene i praksis.<\/p>\n<p>Informationer for nye B\u00e6vere kan l\u00e6ses i denne&nbsp;<span style=\"text-decoration: underline;\"><a href=\"http:\/\/issuu.com\/kfum-spejderne\/docs\/150165_b__ver_12_sider_k3\">folder<\/a><\/span>.&nbsp;<\/p>\n\n\n\n<br>\n\n\n\n<div class=\"wp-block-button\"><a class=\"wp-block-button__link has-accent-1-background-color has-background wp-element-button\" href=\"http:\/\/albertslund-spejder.dk\/wp-content\/uploads\/2020\/03\/KNAS_marts20_08.jpg\" target=\"_blank\" rel=\"noreferrer noopener\">Program<\/a><\/div>\n\n\n\n<p><\/p>\n<\/div>\n\n\n\n<div class=\"wp-block-column is-layout-flow wp-block-column-is-layout-flow\" style=\"flex-basis:0.88%\"><\/div>\n\n\n\n<div class=\"wp-block-column is-layout-flow wp-block-column-is-layout-flow\" style=\"flex-basis:35%\">\n<figure class=\"wp-block-table is-style-regular\"><table class=\"has-background\" style=\"background-color:#f3f4f5\"><tbody><tr><td><strong>Tropsleder<\/strong><br><strong><strong>Janne Elisabeth Storm<br><\/strong><\/strong>E-mail: janneelisabethstorm@gmail.com<br><strong><br><img decoding=\"async\" style=\"width: 100px;\" src=\"http:\/\/albertslund-spejder.dk\/wp-content\/uploads\/2020\/01\/Profile-male.jpg\" alt=\"\"><\/strong><\/td><\/tr><\/tbody><\/table><\/figure>\n<\/div>\n<\/div>\n\n\n\n<p><\/p>\n","protected":false},"excerpt":{"rendered":"<p>B\u00e6verenheden er for b\u00f8rn, fra 3 \u00e5r og frem til 1. klasse (ca. 3 \u2013 7 \u00e5r). Vi holder m\u00f8de hver mandag kl. 17:00 \u2013 18:30.N\u00e5r man er B\u00e6ver, skal mindst en for\u00e6lder v\u00e6re med p\u00e5 m\u00f8derne. &nbsp; P\u00e5 m\u00f8derne l\u00e6rer vi bl.a. om naturen, knob, besn\u00f8ringer og f\u00f8rstehj\u00e6lp, og &hellip;<\/p>\n","protected":false},"author":1,"featured_media":0,"parent":21,"menu_order":15,"comment_status":"closed","ping_status":"closed","template":"","meta":{"ngg_post_thumbnail":0,"footnotes":""},"class_list":["post-1930","page","type-page","status-publish","hentry"],"_links":{"self":[{"href":"https:\/\/albertslund-spejder.dk\/index.php?rest_route=\/wp\/v2\/pages\/1930","targetHints":{"allow":["GET"]}}],"collection":[{"href":"https:\/\/albertslund-spejder.dk\/index.php?rest_route=\/wp\/v2\/pages"}],"about":[{"href":"https:\/\/albertslund-spejder.dk\/index.php?rest_route=\/wp\/v2\/types\/page"}],"author":[{"embeddable":true,"href":"https:\/\/albertslund-spejder.dk\/index.php?rest_route=\/wp\/v2\/users\/1"}],"replies":[{"embeddable":true,"href":"https:\/\/albertslund-spejder.dk\/index.php?rest_route=%2Fwp%2Fv2%2Fcomments&post=1930"}],"version-history":[{"count":15,"href":"https:\/\/albertslund-spejder.dk\/index.php?rest_route=\/wp\/v2\/pages\/1930\/revisions"}],"predecessor-version":[{"id":2391,"href":"https:\/\/albertslund-spejder.dk\/index.php?rest_route=\/wp\/v2\/pages\/1930\/revisions\/2391"}],"up":[{"embeddable":true,"href":"https:\/\/albertslund-spejder.dk\/index.php?rest_route=\/wp\/v2\/pages\/21"}],"wp:attachment":[{"href":"https:\/\/albertslund-spejder.dk\/index.php?rest_route=%2Fwp%2Fv2%2Fmedia&parent=1930"}],"curies":[{"name":"wp","href":"https:\/\/api.w.org\/{rel}","templated":true}]}}